{"id":19,"date":"2015-09-18T11:15:58","date_gmt":"2015-09-18T09:15:58","guid":{"rendered":"http:\/\/coaching.sybille-letschert.de\/?page_id=19"},"modified":"2015-09-24T13:06:26","modified_gmt":"2015-09-24T11:06:26","slug":"kontakt-impressum-2","status":"publish","type":"page","link":"https:\/\/coaching.sybille-letschert.de\/?page_id=19","title":{"rendered":"Kontakt &#038; Impressum"},"content":{"rendered":"<p>SL Coaching<br \/>\nSybille Letschert<br \/>\nBergstr. 2<br \/>\nD-56203 H\u00f6hr-Grenzhausen<\/p>\n<p>Fon: +49 (0) 26 24 \/ 94 58 54<br \/>\nFax: +49 (0) 26 24 \/ 94 58 59<br \/>\nMail: info@sybille-letschert.de<br \/>\nWeb: coaching.sybille-letschert.de<\/p>\n<hr \/>\n<p>Inhaltlich Verantwortlicher gem\u00e4\u00df \u00a7 10 Absatz 3 MDStV:<br \/>\nSybille Letschert (Anschrift wie oben)<\/p>\n<p>Umsatzsteuer-Identifikationsnummer gem\u00e4\u00df \u00a7 27 a Umsatzsteuergesetz: DE189994501<\/p>\n<p>Wir sind bem\u00fcht und tragen daf\u00fcr Sorge, dass die auf dieser Webseite eingestellten Informationen zutreffend sind. \u00c4nderungen und Erg\u00e4nzungen ohne vorherige Ank\u00fcndigung behalten wir uns jedoch vor. Alle Online-Angebote sind freibleibend und unverbindlich. Die Haftung f\u00fcr Richtigkeit, Vollst\u00e4ndigkeit oder Aktualit\u00e4t des Inhalts ist ausgeschlossen. Dies gilt ebenso bei direkten und indirekten Verweisen auf fremde lnternetseiten (Hyperlinks), die au\u00dferhalb unseres Verantwortungsbereiches liegen.<\/p>\n<p>Der Inhalt unserer Webseite ist urheberrechtlich gesch\u00fctzt. Die Vervielf\u00e4ltigung oder auch nur auszugsweise Verwendung in andere elektronische oder gedruckte Publikationen, einschlie\u00dflich des Framsets oder anderer Ma\u00dfnahmen, ist ohne unsere ausdr\u00fcckliche Zustimmung nicht gestattet. Alle genannten und ggf. durch Dritte gesch\u00fctzten Marken- und Warenzeichen unterliegen uneingeschr\u00e4nkt den Bestimmungen des jeweils g\u00fcltigen Kennzeichenrechts und den Besitzrechten der jeweils eingetragenen Eigent\u00fcmer. Allein aufgrund blo\u00dfer Nennung ist nicht der Schluss zu ziehen, dass Markenzeichen nicht durch Rechte Dritter gesch\u00fctzt sind. Die mit dieser Webseite zusammenh\u00e4ngenden Vorg\u00e4nge unterliegen ausschlie\u00dflich deutschem Recht.<\/p>\n<p>Alle Bilder dieser Webseite sind urheberrechtlich gesch\u00fctzt. Die Verwendung ist honorarpflichtig. Eine Entstellung des urheberrechtlich gesch\u00fctzten Werks in irgendeiner Form, z.B. durch Abzeichnen, Ausdrucken, Nachfotografieren, Fotocomposing, elektronische Hilfsmittel, Vervielf\u00e4ltigung oder anderweitige Verwendung der Fotos, ist ohne ausdr\u00fcckliche schriftliche Genehmigung des Urhebers nicht gestattet.<\/p>\n","protected":false},"excerpt":{"rendered":"<p>SL Coaching Sybille Letschert Bergstr. 2 D-56203 H\u00f6hr-Grenzhausen Fon: +49 (0) 26 24 \/ 94 58 54 Fax: +49 (0) 26 24 \/ 94 58 59 Mail: info@sybille-letschert.de Web: coaching.sybille-letschert.de&hellip;<\/p>\n","protected":false},"author":1,"featured_media":0,"parent":0,"menu_order":2,"comment_status":"closed","ping_status":"closed","template":"","meta":[],"_links":{"self":[{"href":"https:\/\/coaching.sybille-letschert.de\/index.php?rest_route=\/wp\/v2\/pages\/19"}],"collection":[{"href":"https:\/\/coaching.sybille-letschert.de\/index.php?rest_route=\/wp\/v2\/pages"}],"about":[{"href":"https:\/\/coaching.sybille-letschert.de\/index.php?rest_route=\/wp\/v2\/types\/page"}],"author":[{"embeddable":true,"href":"https:\/\/coaching.sybille-letschert.de\/index.php?rest_route=\/wp\/v2\/users\/1"}],"replies":[{"embeddable":true,"href":"https:\/\/coaching.sybille-letschert.de\/index.php?rest_route=%2Fwp%2Fv2%2Fcomments&post=19"}],"version-history":[{"count":3,"href":"https:\/\/coaching.sybille-letschert.de\/index.php?rest_route=\/wp\/v2\/pages\/19\/revisions"}],"predecessor-version":[{"id":60,"href":"https:\/\/coaching.sybille-letschert.de\/index.php?rest_route=\/wp\/v2\/pages\/19\/revisions\/60"}],"wp:attachment":[{"href":"https:\/\/coaching.sybille-letschert.de\/index.php?rest_route=%2Fwp%2Fv2%2Fmedia&parent=19"}],"curies":[{"name":"wp","href":"https:\/\/api.w.org\/{rel}","templated":true}]}}